{"id":2,"date":"2025-02-12T19:38:43","date_gmt":"2025-02-12T19:38:43","guid":{"rendered":"http:\/\/xstreaming.pt\/?page_id=2"},"modified":"2025-03-28T19:12:23","modified_gmt":"2025-03-28T19:12:23","slug":"sample-page","status":"publish","type":"page","link":"https:\/\/xstreaming.pt\/","title":{"rendered":"No Title"},"content":{"rendered":"\n\n\n\n\n\n\n<p><span style=\"font-size: 25px; letter-spacing: 5px; text-decoration-style: initial;\">Recursos disponibilizados<\/span><\/p>\n\n\n\n<p>Unimos experi\u00eancia, inova\u00e7\u00e3o e tecnologia para oferecer o melhor servi\u00e7o de filmagem e transmiss\u00e3o ao vivo.\u00a0<\/p>\n\n\n\n\n\n<p><font color=\"#231f20\">Transmiss\u00e3o ao vivo em Full HD para plataformas digitais, redes sociais e sites personalizados.<\/font><\/p>\n\n\n\n\n\n<p><font color=\"#231f20\">Capta\u00e7\u00e3o profissional com m\u00faltiplas c\u00e2meras, drones e \u00e2ngulos exclusivos.<\/font><\/p><div><br><\/div>\n\n\n\n\n\n<p><font color=\"#231f20\">Edi\u00e7\u00e3o e produ\u00e7\u00e3o em tempo real, incluindo gr\u00e1ficos e intera\u00e7\u00e3o ao vivo.<\/font><\/p>\n\n\n\n\n\n<p><font color=\"#231f20\">Equipa t\u00e9cnica experiente, garantindo seguran\u00e7a e confiabilidade na sua transmiss\u00e3o<\/font><\/p>\n\n\n\n\n\n\n\n\n\n\n\n<p>Quem somos<\/p>\n\n\n\n\n\n\n\n<p style=\"text-align: right; \"><span style=\"font-size: 20px; color: rgb(255, 255, 255);\"><strong style=\"line-height: 1;\">LOREM CORPORATE CEO<\/strong><\/span><\/p><p style=\"text-align: center;\"><span style=\"color: rgb(255, 255, 255);\">Duis aute irure dolor in reprehenderit in voluptate velit esse cillum dolore eu fugiat nulla pariatur. Excepteur sint occaecat cupidatat non proident, sunt in culpa qui officia deserunt mollit anim id est laborum.<\/span><\/p><p style=\"text-align: left;\"><sign>&nbsp; &nbsp; &nbsp; <span style=\"line-height: 2.0;\">Benn Marshall<\/span><\/sign><\/p>\n\n\n\n\n\n<p>A XStream nasce da uni\u00e3o de profissionais apaixonados por inova\u00e7\u00e3o e qualidade na produ\u00e7\u00e3o audiovisual. Fruto de uma parceria estrat\u00e9gica entre Maranus e Bicho de Nicho, combinamos experi\u00eancia, tecnologia e criatividade para oferecer solu\u00e7\u00f5es completas em filmagem e transmiss\u00e3o ao vivo.<\/p><p><br><\/p><p>Nosso compromisso \u00e9 transformar eventos em experi\u00eancias imersivas, garantindo alta qualidade de imagem e som, al\u00e9m de transmiss\u00f5es interativas. Seja para eventos corporativos, confer\u00eancias, espet\u00e1culos, desportos ou transmiss\u00f5es institucionais, disponibilizamos equipamentos de \u00faltima gera\u00e7\u00e3o e uma equipe altamente qualificada para atender \u00e0s necessidades do seu p\u00fablico.<\/p><p><br><\/p>\n\n\n\n\n\n\n\n\n\nExperi\u00eancia\n\n\n\n\n\n<p style=\"text-align: center; line-height: 1.5;\"><font color=\"#5d5d5d\" face=\"cabin\"><span style=\"font-size: 14px;\">Somos especialistas em capturar momentos \u00fanicos e transmiti-los em alta qualidade para o mundo. Oferecemos servi\u00e7os profissionais de filmagem e transmiss\u00e3o ao vivo, garantindo que seu evento alcance um p\u00fablico maior, com qualidade e total confiabilidade.<\/span><\/font><\/p><div style=\"text-align: center;\"><br><\/div>\n\n\n\n\n\n<p [object NamedNodeMap]>Institucionais, Desportivos, Culturais, Debates Politicos<\/p>\n\n\n\n\n\n<p [object NamedNodeMap]>Forma\u00e7\u00f5es, Comunica\u00e7\u00f5es, Festas, Mesas Redondas<\/p>\n\n\n\n\n\n<p [object NamedNodeMap]>Talkshow, Concertos, Videocast, Entrevistas<\/p>\n\n\n\n\n","protected":false},"excerpt":{"rendered":"","protected":false},"author":1,"featured_media":0,"parent":0,"menu_order":0,"comment_status":"closed","ping_status":"closed","template":"","meta":{"pagelayer_contact_templates":[],"_pagelayer_content":"","footnotes":""},"class_list":["post-2","page","type-page","status-publish","hentry"],"blocksy_meta":[],"_links":{"self":[{"href":"https:\/\/xstreaming.pt\/index.php?rest_route=\/wp\/v2\/pages\/2","targetHints":{"allow":["GET"]}}],"collection":[{"href":"https:\/\/xstreaming.pt\/index.php?rest_route=\/wp\/v2\/pages"}],"about":[{"href":"https:\/\/xstreaming.pt\/index.php?rest_route=\/wp\/v2\/types\/page"}],"author":[{"embeddable":true,"href":"https:\/\/xstreaming.pt\/index.php?rest_route=\/wp\/v2\/users\/1"}],"replies":[{"embeddable":true,"href":"https:\/\/xstreaming.pt\/index.php?rest_route=%2Fwp%2Fv2%2Fcomments&post=2"}],"version-history":[{"count":30,"href":"https:\/\/xstreaming.pt\/index.php?rest_route=\/wp\/v2\/pages\/2\/revisions"}],"predecessor-version":[{"id":63,"href":"https:\/\/xstreaming.pt\/index.php?rest_route=\/wp\/v2\/pages\/2\/revisions\/63"}],"wp:attachment":[{"href":"https:\/\/xstreaming.pt\/index.php?rest_route=%2Fwp%2Fv2%2Fmedia&parent=2"}],"curies":[{"name":"wp","href":"https:\/\/api.w.org\/{rel}","templated":true}]}}